{"id":6,"date":"2020-06-26T10:22:30","date_gmt":"2020-06-26T10:22:30","guid":{"rendered":"https:\/\/musikbastler.de\/?page_id=6"},"modified":"2026-02-25T08:46:31","modified_gmt":"2026-02-25T08:46:31","slug":"impressum","status":"publish","type":"page","link":"https:\/\/musikbastler.de\/index.php\/impressum\/","title":{"rendered":"Impressum"},"content":{"rendered":"\n<p>Richard Nordemalm | Steuernummer 31\/458\/01165<\/p>\n\n\n\n<p>Bergener Str.1<\/p>\n\n\n\n<p>10439 Berlin<\/p>\n\n\n\n<p><a href=\"mailto:nordemalm.r@googlemail.com\">info@musikbastler.de<\/a><\/p>\n\n\n\n<h3 class=\"wp-block-heading has-black-color has-text-color\"><strong>Haftung f\u00fcr Links<\/strong><\/h3>\n\n\n\n<p>Mit Urteil vom 12. Mai 1998 hat das Landgericht Hamburg entschieden, dass man durch die Ausbringung eines Links die Inhalte der gelinkten Seite gegebenenfalls mit zu verantworten hat. Dies kann, so das Landgericht, nur verhindert werden, dass man sich ausdr\u00fccklich von diesen Inhalten distanziert.<\/p>\n\n\n\n<p>Die <strong>Musikbastler<\/strong> haben auf ihrer Homepage Links zu anderen Seiten im Internet gelegt. F\u00fcr alle diese Links gilt:<br>Die Musikbastler m\u00f6chten ausdr\u00fccklich betonen, dass sie keinerlei Einfluss auf die Gestaltung und die Inhalte der gelinkten Seiten hat. Deswegen distanzieren wir uns hiermit ausdr\u00fccklich von allen Inhalten aller gelinkten Seiten auf ihrer Homepage. Diese Erkl\u00e4rung gilt f\u00fcr alle auf unserer Homepage angebrachten Links.<\/p>\n\n\n\n<h3 class=\"wp-block-heading has-black-color has-text-color\"><strong>Bildquellen<\/strong><\/h3>\n\n\n\n<p>Bilder: Pixabay; Richard Nordemalm<\/p>\n\n\n\n<h3 class=\"wp-block-heading has-black-color has-text-color\"><strong>Webmaster<\/strong><\/h3>\n\n\n\n<p>Jens Keller, <a href=\"http:\/\/www.medienberatung-keller.de\" target=\"_blank\" rel=\"noreferrer noopener\">Medienberatung Keller Berlin<\/a>, info@medienberatung-keller.de, 2020-2026<\/p>\n\n\n\n<div class=\"wp-block-columns is-layout-flex wp-container-core-columns-is-layout-28f84493 wp-block-columns-is-layout-flex\">\n<div class=\"wp-block-column is-layout-flow wp-block-column-is-layout-flow\" style=\"flex-basis:50%\">\n<hr class=\"wp-block-separator has-css-opacity\"\/>\n\n\n\n<figure class=\"wp-block-image aligncenter size-medium\"><img fetchpriority=\"high\" decoding=\"async\" width=\"300\" height=\"294\" src=\"https:\/\/musikbastler.de\/wp-content\/uploads\/2021\/08\/BKM_Neustart_Kultur_Wortmarke_neg_RGB_RZ-1-300x294.png\" alt=\"\" class=\"wp-image-66\" srcset=\"https:\/\/musikbastler.de\/wp-content\/uploads\/2021\/08\/BKM_Neustart_Kultur_Wortmarke_neg_RGB_RZ-1-300x294.png 300w, https:\/\/musikbastler.de\/wp-content\/uploads\/2021\/08\/BKM_Neustart_Kultur_Wortmarke_neg_RGB_RZ-1-1024x1002.png 1024w, https:\/\/musikbastler.de\/wp-content\/uploads\/2021\/08\/BKM_Neustart_Kultur_Wortmarke_neg_RGB_RZ-1-768x752.png 768w, https:\/\/musikbastler.de\/wp-content\/uploads\/2021\/08\/BKM_Neustart_Kultur_Wortmarke_neg_RGB_RZ-1.png 1323w\" sizes=\"(max-width: 300px) 100vw, 300px\" \/><\/figure>\n\n\n\n<p class=\"has-text-align-center has-small-font-size\">Gef\u00f6rdert durch <a href=\"https:\/\/neustartkultur.de\/\" target=\"_blank\" rel=\"noreferrer noopener\">NEU START KULTUR<\/a><\/p>\n<\/div>\n\n\n\n<div class=\"wp-block-column is-layout-flow wp-block-column-is-layout-flow\" style=\"flex-basis:50%\"><\/div>\n<\/div>\n","protected":false},"excerpt":{"rendered":"<p>Richard Nordemalm | Steuernummer 31\/458\/01165 Bergener Str.1 10439 Berlin info@musikbastler.de Haftung f\u00fcr Links Mit Urteil vom 12. Mai 1998 hat das Landgericht Hamburg entschieden, dass man durch die Ausbringung eines Links die Inhalte der gelinkten Seite gegebenenfalls mit zu verantworten hat. Dies kann, so das Landgericht, nur verhindert werden, dass man sich ausdr\u00fccklich von diesen [&hellip;]<\/p>\n","protected":false},"author":1,"featured_media":0,"parent":0,"menu_order":0,"comment_status":"closed","ping_status":"closed","template":"","meta":{"site-sidebar-layout":"default","site-content-layout":"default","ast-site-content-layout":"default","site-content-style":"default","site-sidebar-style":"default","ast-global-header-display":"","ast-banner-title-visibility":"","ast-main-header-display":"","ast-hfb-above-header-display":"","ast-hfb-below-header-display":"","ast-hfb-mobile-header-display":"","site-post-title":"","ast-breadcrumbs-content":"","ast-featured-img":"","footer-sml-layout":"","ast-disable-related-posts":"","theme-transparent-header-meta":"default","adv-header-id-meta":"","stick-header-meta":"","header-above-stick-meta":"","header-main-stick-meta":"","header-below-stick-meta":"","astra-migrate-meta-layouts":"set","ast-page-background-enabled":"default","ast-page-background-meta":{"desktop":{"background-color":"","background-image":"","background-repeat":"repeat","background-position":"center center","background-size":"auto","background-attachment":"scroll","background-type":"","background-media":"","overlay-type":"","overlay-color":"","overlay-opacity":"","overlay-gradient":""},"tablet":{"background-color":"","background-image":"","background-repeat":"repeat","background-position":"center center","background-size":"auto","background-attachment":"scroll","background-type":"","background-media":"","overlay-type":"","overlay-color":"","overlay-opacity":"","overlay-gradient":""},"mobile":{"background-color":"","background-image":"","background-repeat":"repeat","background-position":"center center","background-size":"auto","background-attachment":"scroll","background-type":"","background-media":"","overlay-type":"","overlay-color":"","overlay-opacity":"","overlay-gradient":""}},"ast-content-background-meta":{"desktop":{"background-color":"var(--ast-global-color-5)","background-image":"","background-repeat":"repeat","background-position":"center center","background-size":"auto","background-attachment":"scroll","background-type":"","background-media":"","overlay-type":"","overlay-color":"","overlay-opacity":"","overlay-gradient":""},"tablet":{"background-color":"var(--ast-global-color-5)","background-image":"","background-repeat":"repeat","background-position":"center center","background-size":"auto","background-attachment":"scroll","background-type":"","background-media":"","overlay-type":"","overlay-color":"","overlay-opacity":"","overlay-gradient":""},"mobile":{"background-color":"var(--ast-global-color-5)","background-image":"","background-repeat":"repeat","background-position":"center center","background-size":"auto","background-attachment":"scroll","background-type":"","background-media":"","overlay-type":"","overlay-color":"","overlay-opacity":"","overlay-gradient":""}},"footnotes":""},"class_list":["post-6","page","type-page","status-publish","hentry"],"_links":{"self":[{"href":"https:\/\/musikbastler.de\/index.php\/wp-json\/wp\/v2\/pages\/6","targetHints":{"allow":["GET"]}}],"collection":[{"href":"https:\/\/musikbastler.de\/index.php\/wp-json\/wp\/v2\/pages"}],"about":[{"href":"https:\/\/musikbastler.de\/index.php\/wp-json\/wp\/v2\/types\/page"}],"author":[{"embeddable":true,"href":"https:\/\/musikbastler.de\/index.php\/wp-json\/wp\/v2\/users\/1"}],"replies":[{"embeddable":true,"href":"https:\/\/musikbastler.de\/index.php\/wp-json\/wp\/v2\/comments?post=6"}],"version-history":[{"count":0,"href":"https:\/\/musikbastler.de\/index.php\/wp-json\/wp\/v2\/pages\/6\/revisions"}],"wp:attachment":[{"href":"https:\/\/musikbastler.de\/index.php\/wp-json\/wp\/v2\/media?parent=6"}],"curies":[{"name":"wp","href":"https:\/\/api.w.org\/{rel}","templated":true}]}}